{"id":26,"date":"2013-07-15T17:53:39","date_gmt":"2013-07-15T17:53:39","guid":{"rendered":"http:\/\/wp.schulfoerderverein-scheessel.de\/?page_id=26"},"modified":"2024-12-31T18:57:18","modified_gmt":"2024-12-31T16:57:18","slug":"projekte","status":"publish","type":"page","link":"https:\/\/wp.schulfoerderverein-scheessel.de\/?page_id=26","title":{"rendered":"Projekte"},"content":{"rendered":"<p><strong>Wir bringen uns ein! <\/strong><\/p>\n<p><strong>Folgende Projekte wurden von uns finanziell unterst\u00fctzt:<\/strong><\/p>\n<p><strong>Projekte<\/strong><br \/>\n&#8211; Erweiterte Ganztagsbetreuung (eingestellt ab 2023)<br \/>\n&#8211; Starke Lernpaten<br \/>\n&#8211; Pr\u00e4sentationsnachmittag<br \/>\n&#8211; Zirkus Quaiser<\/p>\n<p><strong>Vortrags- und Konzertveranstaltungen<\/strong><br \/>\n&#8211; Lesungen in der Schulb\u00fccherei<br \/>\n&#8211; Kinderkonzert mit Reinhard Horn<br \/>\n&#8211; Vortrag Uwe Rogge<\/p>\n<p><strong>Gestaltung von Schule und Pausenhof<\/strong><br \/>\n&#8211; Einrichtung des neuen Dachgeschossraumes auf dem Kreuzberg f\u00fcr die erweiterte Ganztagsbetreuung und als weiteren Ruheraum<br \/>\n&#8211; Finanzierung von Schulhofger\u00e4ten und regelm\u00e4\u00dfige Wartung und Reparatur aller Spielger\u00e4te<br \/>\n&#8211; Namensschilder der Schule am Hauptgeb\u00e4ude und am Geb\u00e4ude Auf dem Kreuzberg<br \/>\n&#8211; Seilbahn auf dem Schulhof<br \/>\n&#8211; Mensaausstattung (Bezahlsystem, Salatbar, Tische und B\u00e4nke au\u00dfen)<br \/>\n&#8211; Klassenzimmer der Zukunft<br \/>\n&#8211; Sportausstattung (Basketballk\u00f6rbe, Boxs\u00e4cke u.a.)<br \/>\n&#8211; Kickertisch<br \/>\n&#8211; Stifte f\u00fcr die Skulptur am Haupteingang<br \/>\n&#8211; Fahrr\u00e4der, Fahrradhelme<br \/>\n&#8211; Sitzs\u00e4cke<br \/>\n&#8211; Schaukel, Torwand, B\u00e4nke<br \/>\n&#8211; L\u00e4rmampel<br \/>\n&#8211; Musikanlage in der Aula<\/p>\n<p><strong>Unterrichtsmaterialien <\/strong><br \/>\n&#8211; neue offene Eingangsstufe<br \/>\n&#8211; F\u00f6rderunterricht<br \/>\n&#8211; Laptop<br \/>\n&#8211; Nachmittagsbetreuung<br \/>\n&#8211; Beamer und Leinwand<br \/>\n&#8211; Internetvernetzung Geb\u00e4ude Am Kreuzberg<br \/>\n&#8211; Fernseher, DVD-Player<\/p>\n<p><strong>Finanzielle Unterst\u00fctzung von Arbeitsgemeinschaften<\/strong><br \/>\n&#8211; Tennis AG<br \/>\n&#8211; Theater AG (Theaterfreizeit, Headsets)<br \/>\n&#8211; Chor (T-Shirts)<\/p>\n<p><strong>F\u00f6rderung von Sch\u00fcleraustauschen<\/strong><br \/>\n&#8211; Holland, Veendam<br \/>\n&#8211; Polen<\/p>\n<p><strong>Organisation der Ferienbetreuung<\/strong><\/p>\n","protected":false},"excerpt":{"rendered":"<p>Wir bringen uns ein! Folgende Projekte wurden von uns finanziell unterst\u00fctzt: Projekte &#8211; Erweiterte Ganztagsbetreuung (eingestellt ab 2023) &#8211; Starke Lernpaten &#8211; Pr\u00e4sentationsnachmittag &#8211; Zirkus Quaiser Vortrags- und Konzertveranstaltungen &#8211;&#8230;<\/p>\n","protected":false},"author":1,"featured_media":0,"parent":0,"menu_order":0,"comment_status":"open","ping_status":"open","template":"","meta":{"ngg_post_thumbnail":0,"footnotes":""},"class_list":["post-26","page","type-page","status-publish","hentry"],"_links":{"self":[{"href":"https:\/\/wp.schulfoerderverein-scheessel.de\/index.php?rest_route=\/wp\/v2\/pages\/26","targetHints":{"allow":["GET"]}}],"collection":[{"href":"https:\/\/wp.schulfoerderverein-scheessel.de\/index.php?rest_route=\/wp\/v2\/pages"}],"about":[{"href":"https:\/\/wp.schulfoerderverein-scheessel.de\/index.php?rest_route=\/wp\/v2\/types\/page"}],"author":[{"embeddable":true,"href":"https:\/\/wp.schulfoerderverein-scheessel.de\/index.php?rest_route=\/wp\/v2\/users\/1"}],"replies":[{"embeddable":true,"href":"https:\/\/wp.schulfoerderverein-scheessel.de\/index.php?rest_route=%2Fwp%2Fv2%2Fcomments&post=26"}],"version-history":[{"count":6,"href":"https:\/\/wp.schulfoerderverein-scheessel.de\/index.php?rest_route=\/wp\/v2\/pages\/26\/revisions"}],"predecessor-version":[{"id":1159,"href":"https:\/\/wp.schulfoerderverein-scheessel.de\/index.php?rest_route=\/wp\/v2\/pages\/26\/revisions\/1159"}],"wp:attachment":[{"href":"https:\/\/wp.schulfoerderverein-scheessel.de\/index.php?rest_route=%2Fwp%2Fv2%2Fmedia&parent=26"}],"curies":[{"name":"wp","href":"https:\/\/api.w.org\/{rel}","templated":true}]}}