{"id":32,"date":"2013-07-15T17:56:47","date_gmt":"2013-07-15T17:56:47","guid":{"rendered":"http:\/\/wp.schulfoerderverein-scheessel.de\/?page_id=32"},"modified":"2025-10-04T11:22:00","modified_gmt":"2025-10-04T09:22:00","slug":"uber-uns","status":"publish","type":"page","link":"https:\/\/wp.schulfoerderverein-scheessel.de\/?page_id=32","title":{"rendered":"\u00dcber uns"},"content":{"rendered":"<p>Der Schulf\u00f6rderverein der Grundschule Schee\u00dfel e. V. ist ein gemeinn\u00fctziger Verein und f\u00f6rdert seit mehr als 20 Jahren die Bildungs- und Erziehungsanliegen der Grundschule Schee\u00dfel. Eltern, engagierte B\u00fcrger, Lehrer, ehemalige Sch\u00fcler, Unternehmen und andere unterst\u00fctzen im Rahmen des Schulf\u00f6rdervereins die Entwicklung der Schule erg\u00e4nzend zur staatlichen Hilfe.<\/p>\n<p>Der Verein erbringt Geld- und Sachspenden, gewinnt Sponsoren f\u00fcr Schulprojekte, organisiert Veranstaltungen und \u00f6ffnet die Schule damit f\u00fcr das gesellschaftliche, kulturelle, politische und wirtschaftliche Umfeld der Gemeinde Schee\u00dfel. Aus seinen Beitrags- und Spendenaufkommen f\u00f6rdert der Verein u. a. Klassenfahrten, Schulveranstaltungen, Arbeitsgemeinschaften, Materialien, die den Unterrichtszielen der Schule dienen, sowie Materialien zur Pausengestaltung. Zudem \u00fcbernimmt der Verein durch die Organisation und Durchf\u00fchrung einer Ferienbetreuung und weiterer Betreuungsangebote ma\u00dfgeblich Verantwortung f\u00fcr den Schulbetrieb und ist so ein wichtiger St\u00fctzpfeiler der Grundschule Schee\u00dfel und ihrer Entwicklung. Alle Inhaber von Vereins\u00e4mtern sind ehrenamtlich t\u00e4tig.<\/p>\n<p>Der Schulf\u00f6rderverein wurde im Jahr 1994 von engagierten Eltern der Grundschule Schee\u00dfel ins Leben gerufen. Wir verstehen uns als Partner f\u00fcr Sch\u00fcler, Eltern, Schulleitung und Schultr\u00e4ger. Die wachsende Bedeutung des Schulf\u00f6rdervereins best\u00e4tigen die stetig steigenden Mitgliederzahlen von aktuell ann\u00e4hernd 270 F\u00f6rderern.<\/p>\n<p>Die Durchf\u00fchrung vieler Schulprojekte und die Anschaffung besonderer Unterrichts- und Freizeitmaterialien w\u00e4ren ohne die Unterst\u00fctzung durch den Schulf\u00f6rderverein nicht m\u00f6glich. Dabei sind wir auf Mitglieder als finanziell tragende S\u00e4ule angewiesen!<\/p>\n<p><strong>Wir bitten Sie daher: Unterst\u00fctzen Sie uns und werden Sie Mitglied des Schulf\u00f6rdervereins der Grundschule Schee\u00dfel e. V.! Mit einem Mitgliedsbeitrag von nur \u20ac 12,00 pro Jahr sind auch Sie dabei! Alle Beitr\u00e4ge, Spenden und Verkaufserl\u00f6se werden verwendet, um unsere Kinder w\u00e4hrend ihrer Schulzeit zu unterst\u00fctzen! Wir freuen uns auf Sie!<\/strong><\/p>\n<p>Die Mitglieder des Vorstandes&nbsp;sind ehrenamtlich&nbsp;t\u00e4tig und&nbsp;werden jeweils f\u00fcr zwei Gesch\u00e4ftsjahre von der Mitgliederversammlung gew\u00e4hlt.<\/p>\n<p>&nbsp;<\/p>\n<p><strong>Der erweiterte Vorstand<br \/>\n<\/strong><\/p>\n<p>Nadine Steller (Vorsitzende)<br \/>\nOlga Cottone (stellvertretende Vorsitzende)<br \/>\nAndrea Hashagen (Kassenwartin)<br \/>\nJulia Ziegler (Schriftf\u00fchrerin)<br \/>\nAnnika Dietze (Beisitzerin)<br \/>\nLucia Burghard (Beisitzerin)<br \/>\nAnna Kahl (Beisitzerin)<\/p>\n<p>&nbsp;<\/p>\n<p>Die <a href=\"https:\/\/wp.schulfoerderverein-scheessel.de\/wp-content\/uploads\/2025\/10\/2021-10-19_Satzung.pdf\">Vereinssatzung<\/a> k\u00f6nnen Sie hier einsehen. (PDF)<\/p>\n<p>&nbsp;<\/p>\n","protected":false},"excerpt":{"rendered":"<p>Der Schulf\u00f6rderverein der Grundschule Schee\u00dfel e. V. ist ein gemeinn\u00fctziger Verein und f\u00f6rdert seit mehr als 20 Jahren die Bildungs- und Erziehungsanliegen der Grundschule Schee\u00dfel. Eltern, engagierte B\u00fcrger, Lehrer, ehemalige&#8230;<\/p>\n","protected":false},"author":1,"featured_media":0,"parent":0,"menu_order":0,"comment_status":"open","ping_status":"open","template":"","meta":{"ngg_post_thumbnail":0,"footnotes":""},"class_list":["post-32","page","type-page","status-publish","hentry"],"_links":{"self":[{"href":"https:\/\/wp.schulfoerderverein-scheessel.de\/index.php?rest_route=\/wp\/v2\/pages\/32","targetHints":{"allow":["GET"]}}],"collection":[{"href":"https:\/\/wp.schulfoerderverein-scheessel.de\/index.php?rest_route=\/wp\/v2\/pages"}],"about":[{"href":"https:\/\/wp.schulfoerderverein-scheessel.de\/index.php?rest_route=\/wp\/v2\/types\/page"}],"author":[{"embeddable":true,"href":"https:\/\/wp.schulfoerderverein-scheessel.de\/index.php?rest_route=\/wp\/v2\/users\/1"}],"replies":[{"embeddable":true,"href":"https:\/\/wp.schulfoerderverein-scheessel.de\/index.php?rest_route=%2Fwp%2Fv2%2Fcomments&post=32"}],"version-history":[{"count":32,"href":"https:\/\/wp.schulfoerderverein-scheessel.de\/index.php?rest_route=\/wp\/v2\/pages\/32\/revisions"}],"predecessor-version":[{"id":1244,"href":"https:\/\/wp.schulfoerderverein-scheessel.de\/index.php?rest_route=\/wp\/v2\/pages\/32\/revisions\/1244"}],"wp:attachment":[{"href":"https:\/\/wp.schulfoerderverein-scheessel.de\/index.php?rest_route=%2Fwp%2Fv2%2Fmedia&parent=32"}],"curies":[{"name":"wp","href":"https:\/\/api.w.org\/{rel}","templated":true}]}}