{"id":7,"date":"2013-07-14T11:21:41","date_gmt":"2013-07-14T11:21:41","guid":{"rendered":"http:\/\/wp.schulfoerderverein-scheessel.de\/?page_id=7"},"modified":"2026-04-29T17:10:59","modified_gmt":"2026-04-29T15:10:59","slug":"formulartest","status":"publish","type":"page","link":"https:\/\/wp.schulfoerderverein-scheessel.de\/?page_id=7","title":{"rendered":"Mitgliedschaft"},"content":{"rendered":"<p>Wenn Sie unserem Verein beitreten m\u00f6chten, k\u00f6nnen Sie die <a href=\"https:\/\/wp.schulfoerderverein-scheessel.de\/wp-content\/uploads\/2024\/09\/Beitrittserklaerung-Schulfoerderverein_02.2024.pdf\">Beitrittserkl\u00e4rung<\/a>&nbsp;in ausgedruckter Form im Schulsekretariat oder beim Klassenlehrer abgeben oder an <a href=\"mailto:mitgliedschaft@schulfoerderverein-scheessel.de\">mitgliedschaft@schulfoerderverein-scheessel.de<\/a> senden.<\/p>\n<p>Der j\u00e4hrliche Mitgliedsbeitrag betr\u00e4gt \u20ac 12,00. Wir freuen uns, wenn sie einen h\u00f6heren Beitrag leisten k\u00f6nnen. Der Jahresbeitrag ist bei Eintritt bzw. innerhalb der ersten zw\u00f6lf Wochen des Gesch\u00e4ftsjahres grunds\u00e4tzlich durch Lastschriftverfahren zu entrichten.<\/p>\n<p>K\u00fcndigung der Mitgliedschaft: Die Mitgliedschaft ist jeweils zum Ende des laufenden Kalenderjahres k\u00fcndbar. Sie kann per E-Mail an <a href=\"mailto:mitgliedschaft@schulfoerderverein-scheessel.de\">mitgliedschaft@schulfoerderverein-scheessel.de<\/a> gesandt oder schriftlich \u00fcber das Schulsekretariat oder den Klassenlehrer an den Vorstand des SFV weitergeleitet werden.<\/p>\n<p>&nbsp;<\/p>\n<h3><span style=\"color: #339966;\">Wir freuen uns ebenso \u00fcber Zeit- und Geldspenden f\u00fcr den Schulf\u00f6rderverein!<\/span><\/h3>\n<p>&nbsp;<\/p>\n<h4>Geldspenden &#8211; bitte nutzen sie unser Spendenkonto:<\/h4>\n<p>IBAN DE37 2919 0024 0247 4786 00&nbsp; &nbsp;&nbsp;<br \/>\nBremische Volksbank Weser-W\u00fcmme e.G.<\/p>\n<p><span style=\"text-decoration: underline;\">Spendenquittung<\/span><\/p>\n<p>Ab einer Spende von 300,- EUR stellen wir auf Wunsch eine vom Finanzamt anerkannte Spendenquittung aus (bis 300,- EUR ist der Kontoauszug als Nachweis ausreichend). Bitte geben Sie daf\u00fcr bei der \u00dcberweisung Ihre Anschrift mit an.<\/p>\n<p>&nbsp;<\/p>\n<h4>Zeitspenden<\/h4>\n<p>F\u00fcr die Unterst\u00fctzung unserer Arbeit sind wir jederzeit sehr dankbar. Bei Interesse an einer Mitarbeit, wie z. B. der Betreuung unseres Verkaufsstandes bei schulischen Veranstaltungen meldet Euch bitte bei uns: <a href=\"mailto:info@schulfoerderverein-scheessel.de\">info@schulfoerderverein-scheessel.de<\/a><\/p>\n","protected":false},"excerpt":{"rendered":"<p>Wenn Sie unserem Verein beitreten m\u00f6chten, k\u00f6nnen Sie die Beitrittserkl\u00e4rung&nbsp;in ausgedruckter Form im Schulsekretariat oder beim Klassenlehrer abgeben oder an mitgliedschaft@schulfoerderverein-scheessel.de senden. Der j\u00e4hrliche Mitgliedsbeitrag betr\u00e4gt \u20ac 12,00. Wir freuen&#8230;<\/p>\n","protected":false},"author":1,"featured_media":0,"parent":0,"menu_order":0,"comment_status":"open","ping_status":"open","template":"","meta":{"ngg_post_thumbnail":0,"footnotes":""},"class_list":["post-7","page","type-page","status-publish","hentry"],"_links":{"self":[{"href":"https:\/\/wp.schulfoerderverein-scheessel.de\/index.php?rest_route=\/wp\/v2\/pages\/7","targetHints":{"allow":["GET"]}}],"collection":[{"href":"https:\/\/wp.schulfoerderverein-scheessel.de\/index.php?rest_route=\/wp\/v2\/pages"}],"about":[{"href":"https:\/\/wp.schulfoerderverein-scheessel.de\/index.php?rest_route=\/wp\/v2\/types\/page"}],"author":[{"embeddable":true,"href":"https:\/\/wp.schulfoerderverein-scheessel.de\/index.php?rest_route=\/wp\/v2\/users\/1"}],"replies":[{"embeddable":true,"href":"https:\/\/wp.schulfoerderverein-scheessel.de\/index.php?rest_route=%2Fwp%2Fv2%2Fcomments&post=7"}],"version-history":[{"count":27,"href":"https:\/\/wp.schulfoerderverein-scheessel.de\/index.php?rest_route=\/wp\/v2\/pages\/7\/revisions"}],"predecessor-version":[{"id":1259,"href":"https:\/\/wp.schulfoerderverein-scheessel.de\/index.php?rest_route=\/wp\/v2\/pages\/7\/revisions\/1259"}],"wp:attachment":[{"href":"https:\/\/wp.schulfoerderverein-scheessel.de\/index.php?rest_route=%2Fwp%2Fv2%2Fmedia&parent=7"}],"curies":[{"name":"wp","href":"https:\/\/api.w.org\/{rel}","templated":true}]}}